{"id":304022,"date":"2025-06-26T13:02:46","date_gmt":"2025-06-26T13:02:46","guid":{"rendered":"https:\/\/media-digital.pt\/26\/produto\/palhinhas-lacor-63133-4und-215cm-escova-limpeza-vidro\/"},"modified":"2025-10-21T12:22:55","modified_gmt":"2025-10-21T12:22:55","slug":"palhinhas-lacor-63133-4und-215cm-escova-limpeza-vidro","status":"publish","type":"product","link":"https:\/\/media-digital.pt\/26\/produto\/palhinhas-lacor-63133-4und-215cm-escova-limpeza-vidro\/","title":{"rendered":"Palhinhas lacor 63133  4und 21,5cm + escova limpeza vidro"},"content":{"rendered":"<p>Transpar\u00eancia, eleg\u00e2ncia e sustentabilidade!<\/p>\n<p>estas palhinhas de vidro resistente s\u00e3o perfeitas para bebidas frias, oferecendo uma alternativa ecol\u00f3gica \u00e0s palhinhas descart\u00e1veis.<\/p>\n<p>inclu\u00ed escova de limpeza para uma manuten\u00e7\u00e3o f\u00e1cil e higi\u00e9nica.<\/p>\n","protected":false},"excerpt":{"rendered":"<p>Transpar\u00eancia, eleg\u00e2ncia e sustentabilidade! estas palhinhas de vidro resistente s\u00e3o perfeitas para bebidas frias, oferecendo uma alternativa ecol\u00f3gica \u00e0s palhinhas descart\u00e1veis. inclu\u00ed escova de limpeza para uma manuten\u00e7\u00e3o f\u00e1cil e higi\u00e9nica.<\/p>\n","protected":false},"featured_media":304023,"template":"","meta":{"_qty_per_box":0},"product_brand":[],"product_cat":[351,535],"product_tag":[],"class_list":{"0":"post-304022","1":"product","2":"type-product","3":"status-publish","4":"has-post-thumbnail","6":"product_cat-bar-cafetaria-2","7":"product_cat-cocktails","8":"pa_marca-lacor","10":"first","11":"outofstock","12":"taxable","13":"shipping-taxable","14":"purchasable","15":"product-type-simple"},"_links":{"self":[{"href":"https:\/\/media-digital.pt\/26\/wp-json\/wp\/v2\/product\/304022","targetHints":{"allow":["GET"]}}],"collection":[{"href":"https:\/\/media-digital.pt\/26\/wp-json\/wp\/v2\/product"}],"about":[{"href":"https:\/\/media-digital.pt\/26\/wp-json\/wp\/v2\/types\/product"}],"version-history":[{"count":0,"href":"https:\/\/media-digital.pt\/26\/wp-json\/wp\/v2\/product\/304022\/revisions"}],"wp:featuredmedia":[{"embeddable":true,"href":"https:\/\/media-digital.pt\/26\/wp-json\/wp\/v2\/media\/304023"}],"wp:attachment":[{"href":"https:\/\/media-digital.pt\/26\/wp-json\/wp\/v2\/media?parent=304022"}],"wp:term":[{"taxonomy":"product_brand","embeddable":true,"href":"https:\/\/media-digital.pt\/26\/wp-json\/wp\/v2\/product_brand?post=304022"},{"taxonomy":"product_cat","embeddable":true,"href":"https:\/\/media-digital.pt\/26\/wp-json\/wp\/v2\/product_cat?post=304022"},{"taxonomy":"product_tag","embeddable":true,"href":"https:\/\/media-digital.pt\/26\/wp-json\/wp\/v2\/product_tag?post=304022"}],"curies":[{"name":"wp","href":"https:\/\/api.w.org\/{rel}","templated":true}]}}